{"id":2045,"date":"2024-09-25T08:50:12","date_gmt":"2024-09-25T05:50:12","guid":{"rendered":"https:\/\/dianadello.ee\/?post_type=product&#038;p=2045"},"modified":"2026-02-23T15:11:06","modified_gmt":"2026-02-23T12:11:06","slug":"moned-motted-uhest-metsast-varsti-oitsevad-seal-sonajalad","status":"publish","type":"product","link":"https:\/\/www.dianadello.ee\/en\/product\/moned-motted-uhest-metsast-varsti-oitsevad-seal-sonajalad\/","title":{"rendered":"m\u00f5ned m\u00f5tted \u00fchest metsast, varsti \u00f5itsevad seal s\u00f5najalad"},"content":{"rendered":"<p>h\u00f5bedast kroon<\/p>\n<p>siidpaelad, maagel\u00f5ng, kullatud ja oks\u00fcdeeritud h\u00f5be 925<\/p>\n<p>v\u00f5ru \u00fcmberm\u00f5\u00f5t 58 cm<\/p>","protected":false},"excerpt":{"rendered":"<p>h\u00f5bedast kroon siidpaelad, maagel\u00f5ng, kullatud ja oks\u00fcdeeritud h\u00f5be 925 v\u00f5ru \u00fcmberm\u00f5\u00f5t 58 cm<\/p>","protected":false},"featured_media":2532,"comment_status":"open","ping_status":"closed","template":"","meta":[],"product_brand":[],"product_cat":[19,28],"product_tag":[],"class_list":{"0":"post-2045","1":"product","2":"type-product","3":"status-publish","4":"has-post-thumbnail","6":"product_cat-koik-ehted","7":"product_cat-peaehted","9":"first","10":"instock","11":"shipping-taxable","12":"purchasable","13":"product-type-simple"},"yoast_head":"<!-- This site is optimized with the Yoast SEO plugin v27.3 - https:\/\/yoast.com\/product\/yoast-seo-wordpress\/ -->\n<title>m\u00f5ned m\u00f5tted \u00fchest metsast, varsti \u00f5itsevad seal s\u00f5najalad &#8211; Diana Dello k\u00e4sit\u00f6\u00f6 h\u00f5beehted<\/title>\n<meta name=\"robots\" content=\"index, follow, max-snippet:-1, max-image-preview:large, max-video-preview:-1\" \/>\n<link rel=\"canonical\" href=\"https:\/\/www.dianadello.ee\/en\/product\/moned-motted-uhest-metsast-varsti-oitsevad-seal-sonajalad\/\" \/>\n<meta property=\"og:locale\" content=\"en_GB\" \/>\n<meta property=\"og:type\" content=\"article\" \/>\n<meta property=\"og:title\" content=\"m\u00f5ned m\u00f5tted \u00fchest metsast, varsti \u00f5itsevad seal s\u00f5najalad &#8211; Diana Dello k\u00e4sit\u00f6\u00f6 h\u00f5beehted\" \/>\n<meta property=\"og:description\" content=\"h\u00f5bedast kroon siidpaelad, maagel\u00f5ng, kullatud ja oks\u00fcdeeritud h\u00f5be 925 v\u00f5ru \u00fcmberm\u00f5\u00f5t 58 cm\" \/>\n<meta property=\"og:url\" content=\"https:\/\/www.dianadello.ee\/en\/product\/moned-motted-uhest-metsast-varsti-oitsevad-seal-sonajalad\/\" \/>\n<meta property=\"og:site_name\" content=\"Diana Dello k\u00e4sit\u00f6\u00f6 h\u00f5beehted\" \/>\n<meta property=\"article:publisher\" content=\"https:\/\/www.facebook.com\/profile.php?id=100063743642811\" \/>\n<meta property=\"article:modified_time\" content=\"2026-02-23T12:11:06+00:00\" \/>\n<meta property=\"og:image\" content=\"https:\/\/dianadello.ee\/wp-content\/uploads\/2024\/09\/moned-motted-uhest-metsast-varsti-oitsevad-seal-sonajalad_Diana-Dello-Jewelry.jpg\" \/>\n\t<meta property=\"og:image:width\" content=\"1024\" \/>\n\t<meta property=\"og:image:height\" content=\"1536\" \/>\n\t<meta property=\"og:image:type\" content=\"image\/jpeg\" \/>\n<meta name=\"twitter:card\" content=\"summary_large_image\" \/>\n<meta name=\"twitter:label1\" content=\"Estimated reading time\" \/>\n\t<meta name=\"twitter:data1\" content=\"1 minute\" \/>\n<script type=\"application\/ld+json\" class=\"yoast-schema-graph\">{\"@context\":\"https:\\\/\\\/schema.org\",\"@graph\":[{\"@type\":\"WebPage\",\"@id\":\"https:\\\/\\\/www.dianadello.ee\\\/product\\\/moned-motted-uhest-metsast-varsti-oitsevad-seal-sonajalad\\\/\",\"url\":\"https:\\\/\\\/www.dianadello.ee\\\/product\\\/moned-motted-uhest-metsast-varsti-oitsevad-seal-sonajalad\\\/\",\"name\":\"m\u00f5ned m\u00f5tted \u00fchest metsast, varsti \u00f5itsevad seal s\u00f5najalad &#8211; Diana Dello k\u00e4sit\u00f6\u00f6 h\u00f5beehted\",\"isPartOf\":{\"@id\":\"https:\\\/\\\/dianadello.ee\\\/#website\"},\"primaryImageOfPage\":{\"@id\":\"https:\\\/\\\/www.dianadello.ee\\\/product\\\/moned-motted-uhest-metsast-varsti-oitsevad-seal-sonajalad\\\/#primaryimage\"},\"image\":{\"@id\":\"https:\\\/\\\/www.dianadello.ee\\\/product\\\/moned-motted-uhest-metsast-varsti-oitsevad-seal-sonajalad\\\/#primaryimage\"},\"thumbnailUrl\":\"https:\\\/\\\/www.dianadello.ee\\\/wp-content\\\/uploads\\\/2024\\\/09\\\/moned-motted-uhest-metsast-varsti-oitsevad-seal-sonajalad_Diana-Dello-Jewelry.jpg\",\"datePublished\":\"2024-09-25T05:50:12+00:00\",\"dateModified\":\"2026-02-23T12:11:06+00:00\",\"breadcrumb\":{\"@id\":\"https:\\\/\\\/www.dianadello.ee\\\/product\\\/moned-motted-uhest-metsast-varsti-oitsevad-seal-sonajalad\\\/#breadcrumb\"},\"inLanguage\":\"en-GB\",\"potentialAction\":[{\"@type\":\"ReadAction\",\"target\":[\"https:\\\/\\\/www.dianadello.ee\\\/product\\\/moned-motted-uhest-metsast-varsti-oitsevad-seal-sonajalad\\\/\"]}]},{\"@type\":\"ImageObject\",\"inLanguage\":\"en-GB\",\"@id\":\"https:\\\/\\\/www.dianadello.ee\\\/product\\\/moned-motted-uhest-metsast-varsti-oitsevad-seal-sonajalad\\\/#primaryimage\",\"url\":\"https:\\\/\\\/www.dianadello.ee\\\/wp-content\\\/uploads\\\/2024\\\/09\\\/moned-motted-uhest-metsast-varsti-oitsevad-seal-sonajalad_Diana-Dello-Jewelry.jpg\",\"contentUrl\":\"https:\\\/\\\/www.dianadello.ee\\\/wp-content\\\/uploads\\\/2024\\\/09\\\/moned-motted-uhest-metsast-varsti-oitsevad-seal-sonajalad_Diana-Dello-Jewelry.jpg\",\"width\":1024,\"height\":1536,\"caption\":\"metsast, varsti kasvavad seal s\u00f5najalad\"},{\"@type\":\"BreadcrumbList\",\"@id\":\"https:\\\/\\\/www.dianadello.ee\\\/product\\\/moned-motted-uhest-metsast-varsti-oitsevad-seal-sonajalad\\\/#breadcrumb\",\"itemListElement\":[{\"@type\":\"ListItem\",\"position\":1,\"name\":\"Home\",\"item\":\"https:\\\/\\\/dianadello.ee\\\/en\\\/\"},{\"@type\":\"ListItem\",\"position\":2,\"name\":\"Products\",\"item\":\"https:\\\/\\\/dianadello.ee\\\/en\\\/shop\\\/\"},{\"@type\":\"ListItem\",\"position\":3,\"name\":\"m\u00f5ned m\u00f5tted \u00fchest metsast, varsti \u00f5itsevad seal s\u00f5najalad\"}]},{\"@type\":\"WebSite\",\"@id\":\"https:\\\/\\\/dianadello.ee\\\/#website\",\"url\":\"https:\\\/\\\/dianadello.ee\\\/\",\"name\":\"Diana Dello k\u00e4sit\u00f6\u00f6 h\u00f5beehted\",\"description\":\"lood p\u00e4rimusest, loodusest ja inimesest\",\"publisher\":{\"@id\":\"https:\\\/\\\/dianadello.ee\\\/#\\\/schema\\\/person\\\/4147cd15ba226578341e014eda1b623a\"},\"potentialAction\":[{\"@type\":\"SearchAction\",\"target\":{\"@type\":\"EntryPoint\",\"urlTemplate\":\"https:\\\/\\\/dianadello.ee\\\/?s={search_term_string}\"},\"query-input\":{\"@type\":\"PropertyValueSpecification\",\"valueRequired\":true,\"valueName\":\"search_term_string\"}}],\"inLanguage\":\"en-GB\"},{\"@type\":[\"Person\",\"Organization\"],\"@id\":\"https:\\\/\\\/dianadello.ee\\\/#\\\/schema\\\/person\\\/4147cd15ba226578341e014eda1b623a\",\"name\":\"Diana Dello\",\"image\":{\"@type\":\"ImageObject\",\"inLanguage\":\"en-GB\",\"@id\":\"https:\\\/\\\/www.dianadello.ee\\\/wp-content\\\/uploads\\\/2024\\\/07\\\/diana-dello-logo-3.svg\",\"url\":\"https:\\\/\\\/www.dianadello.ee\\\/wp-content\\\/uploads\\\/2024\\\/07\\\/diana-dello-logo-3.svg\",\"contentUrl\":\"https:\\\/\\\/www.dianadello.ee\\\/wp-content\\\/uploads\\\/2024\\\/07\\\/diana-dello-logo-3.svg\",\"width\":472,\"height\":120,\"caption\":\"Diana Dello\"},\"logo\":{\"@id\":\"https:\\\/\\\/www.dianadello.ee\\\/wp-content\\\/uploads\\\/2024\\\/07\\\/diana-dello-logo-3.svg\"},\"description\":\"Diana Dello is a jewelry artist.\",\"sameAs\":[\"http:\\\/\\\/www.dianadello.ee\",\"https:\\\/\\\/www.facebook.com\\\/profile.php?id=100063743642811\"]}]}<\/script>\n<!-- \/ Yoast SEO plugin. -->","yoast_head_json":{"title":"m\u00f5ned m\u00f5tted \u00fchest metsast, varsti \u00f5itsevad seal s\u00f5najalad &#8211; Diana Dello k\u00e4sit\u00f6\u00f6 h\u00f5beehted","robots":{"index":"index","follow":"follow","max-snippet":"max-snippet:-1","max-image-preview":"max-image-preview:large","max-video-preview":"max-video-preview:-1"},"canonical":"https:\/\/www.dianadello.ee\/en\/product\/moned-motted-uhest-metsast-varsti-oitsevad-seal-sonajalad\/","og_locale":"en_GB","og_type":"article","og_title":"m\u00f5ned m\u00f5tted \u00fchest metsast, varsti \u00f5itsevad seal s\u00f5najalad &#8211; Diana Dello k\u00e4sit\u00f6\u00f6 h\u00f5beehted","og_description":"h\u00f5bedast kroon siidpaelad, maagel\u00f5ng, kullatud ja oks\u00fcdeeritud h\u00f5be 925 v\u00f5ru \u00fcmberm\u00f5\u00f5t 58 cm","og_url":"https:\/\/www.dianadello.ee\/en\/product\/moned-motted-uhest-metsast-varsti-oitsevad-seal-sonajalad\/","og_site_name":"Diana Dello k\u00e4sit\u00f6\u00f6 h\u00f5beehted","article_publisher":"https:\/\/www.facebook.com\/profile.php?id=100063743642811","article_modified_time":"2026-02-23T12:11:06+00:00","og_image":[{"width":1024,"height":1536,"url":"https:\/\/dianadello.ee\/wp-content\/uploads\/2024\/09\/moned-motted-uhest-metsast-varsti-oitsevad-seal-sonajalad_Diana-Dello-Jewelry.jpg","type":"image\/jpeg"}],"twitter_card":"summary_large_image","twitter_misc":{"Estimated reading time":"1 minute"},"schema":{"@context":"https:\/\/schema.org","@graph":[{"@type":"WebPage","@id":"https:\/\/www.dianadello.ee\/product\/moned-motted-uhest-metsast-varsti-oitsevad-seal-sonajalad\/","url":"https:\/\/www.dianadello.ee\/product\/moned-motted-uhest-metsast-varsti-oitsevad-seal-sonajalad\/","name":"m\u00f5ned m\u00f5tted \u00fchest metsast, varsti \u00f5itsevad seal s\u00f5najalad &#8211; Diana Dello k\u00e4sit\u00f6\u00f6 h\u00f5beehted","isPartOf":{"@id":"https:\/\/dianadello.ee\/#website"},"primaryImageOfPage":{"@id":"https:\/\/www.dianadello.ee\/product\/moned-motted-uhest-metsast-varsti-oitsevad-seal-sonajalad\/#primaryimage"},"image":{"@id":"https:\/\/www.dianadello.ee\/product\/moned-motted-uhest-metsast-varsti-oitsevad-seal-sonajalad\/#primaryimage"},"thumbnailUrl":"https:\/\/www.dianadello.ee\/wp-content\/uploads\/2024\/09\/moned-motted-uhest-metsast-varsti-oitsevad-seal-sonajalad_Diana-Dello-Jewelry.jpg","datePublished":"2024-09-25T05:50:12+00:00","dateModified":"2026-02-23T12:11:06+00:00","breadcrumb":{"@id":"https:\/\/www.dianadello.ee\/product\/moned-motted-uhest-metsast-varsti-oitsevad-seal-sonajalad\/#breadcrumb"},"inLanguage":"en-GB","potentialAction":[{"@type":"ReadAction","target":["https:\/\/www.dianadello.ee\/product\/moned-motted-uhest-metsast-varsti-oitsevad-seal-sonajalad\/"]}]},{"@type":"ImageObject","inLanguage":"en-GB","@id":"https:\/\/www.dianadello.ee\/product\/moned-motted-uhest-metsast-varsti-oitsevad-seal-sonajalad\/#primaryimage","url":"https:\/\/www.dianadello.ee\/wp-content\/uploads\/2024\/09\/moned-motted-uhest-metsast-varsti-oitsevad-seal-sonajalad_Diana-Dello-Jewelry.jpg","contentUrl":"https:\/\/www.dianadello.ee\/wp-content\/uploads\/2024\/09\/moned-motted-uhest-metsast-varsti-oitsevad-seal-sonajalad_Diana-Dello-Jewelry.jpg","width":1024,"height":1536,"caption":"metsast, varsti kasvavad seal s\u00f5najalad"},{"@type":"BreadcrumbList","@id":"https:\/\/www.dianadello.ee\/product\/moned-motted-uhest-metsast-varsti-oitsevad-seal-sonajalad\/#breadcrumb","itemListElement":[{"@type":"ListItem","position":1,"name":"Home","item":"https:\/\/dianadello.ee\/en\/"},{"@type":"ListItem","position":2,"name":"Products","item":"https:\/\/dianadello.ee\/en\/shop\/"},{"@type":"ListItem","position":3,"name":"m\u00f5ned m\u00f5tted \u00fchest metsast, varsti \u00f5itsevad seal s\u00f5najalad"}]},{"@type":"WebSite","@id":"https:\/\/dianadello.ee\/#website","url":"https:\/\/dianadello.ee\/","name":"Diana Dello k\u00e4sit\u00f6\u00f6 h\u00f5beehted","description":"stories about tradition, nature and people","publisher":{"@id":"https:\/\/dianadello.ee\/#\/schema\/person\/4147cd15ba226578341e014eda1b623a"},"potentialAction":[{"@type":"SearchAction","target":{"@type":"EntryPoint","urlTemplate":"https:\/\/dianadello.ee\/?s={search_term_string}"},"query-input":{"@type":"PropertyValueSpecification","valueRequired":true,"valueName":"search_term_string"}}],"inLanguage":"en-GB"},{"@type":["Person","Organization"],"@id":"https:\/\/dianadello.ee\/#\/schema\/person\/4147cd15ba226578341e014eda1b623a","name":"Diana Dello","image":{"@type":"ImageObject","inLanguage":"en-GB","@id":"https:\/\/www.dianadello.ee\/wp-content\/uploads\/2024\/07\/diana-dello-logo-3.svg","url":"https:\/\/www.dianadello.ee\/wp-content\/uploads\/2024\/07\/diana-dello-logo-3.svg","contentUrl":"https:\/\/www.dianadello.ee\/wp-content\/uploads\/2024\/07\/diana-dello-logo-3.svg","width":472,"height":120,"caption":"Diana Dello"},"logo":{"@id":"https:\/\/www.dianadello.ee\/wp-content\/uploads\/2024\/07\/diana-dello-logo-3.svg"},"description":"Diana Dello is a jewelry artist.","sameAs":["http:\/\/www.dianadello.ee","https:\/\/www.facebook.com\/profile.php?id=100063743642811"]}]}},"_links":{"self":[{"href":"https:\/\/www.dianadello.ee\/en\/wp-json\/wp\/v2\/product\/2045","targetHints":{"allow":["GET"]}}],"collection":[{"href":"https:\/\/www.dianadello.ee\/en\/wp-json\/wp\/v2\/product"}],"about":[{"href":"https:\/\/www.dianadello.ee\/en\/wp-json\/wp\/v2\/types\/product"}],"replies":[{"embeddable":true,"href":"https:\/\/www.dianadello.ee\/en\/wp-json\/wp\/v2\/comments?post=2045"}],"wp:featuredmedia":[{"embeddable":true,"href":"https:\/\/www.dianadello.ee\/en\/wp-json\/wp\/v2\/media\/2532"}],"wp:attachment":[{"href":"https:\/\/www.dianadello.ee\/en\/wp-json\/wp\/v2\/media?parent=2045"}],"wp:term":[{"taxonomy":"product_brand","embeddable":true,"href":"https:\/\/www.dianadello.ee\/en\/wp-json\/wp\/v2\/product_brand?post=2045"},{"taxonomy":"product_cat","embeddable":true,"href":"https:\/\/www.dianadello.ee\/en\/wp-json\/wp\/v2\/product_cat?post=2045"},{"taxonomy":"product_tag","embeddable":true,"href":"https:\/\/www.dianadello.ee\/en\/wp-json\/wp\/v2\/product_tag?post=2045"}],"curies":[{"name":"wp","href":"https:\/\/api.w.org\/{rel}","templated":true}]}}