{"id":2445,"date":"2025-07-10T15:18:47","date_gmt":"2025-07-10T12:18:47","guid":{"rendered":"https:\/\/dianadello.ee\/?post_type=product&#038;p=2445"},"modified":"2026-03-19T14:52:53","modified_gmt":"2026-03-19T11:52:53","slug":"taevas-tode","status":"publish","type":"product","link":"https:\/\/www.dianadello.ee\/en\/product\/taevas-tode\/","title":{"rendered":"taevas, t\u00f5de"},"content":{"rendered":"<p>t\u00fcrkiis, oon\u00fcksist helmed, h\u00f5be 925<\/p>\n<p>***<\/p>\n<p>Kreeka kodudes ja avalikus ruumis v\u00f5ib sageli m\u00e4rgata &#8220;kurja silma&#8221;, kaunist sinise-valge-mustaga amuletti, matit. Vana-Kreekas usuti, et silmad v\u00f5ivad olla surmavate kiirte allikaks, pilguga v\u00f5ib teisele haiget teha ka lahkel ilmel. Amuletti on alati tunnustatud ka \u00f5igeusu kiriku poolt, selle nimi seal on Vaskania ja sellega on seotud oma palve.<\/p>\n<p>Helesinine on taeva v\u00e4rv, t\u00f5e v\u00e4rv. Hoidkem elus ikka t\u00fcrkiissinise taeva ja siiraste inimeste poole.<\/p>","protected":false},"excerpt":{"rendered":"<p>t\u00fcrkiis, oon\u00fcksist helmed, h\u00f5be 925 *** Kreeka kodudes ja avalikus ruumis v\u00f5ib sageli m\u00e4rgata &#8220;kurja silma&#8221;, kaunist sinise-valge-mustaga amuletti, matit. Vana-Kreekas usuti, et silmad v\u00f5ivad olla surmavate kiirte allikaks, pilguga v\u00f5ib teisele haiget teha ka lahkel ilmel. Amuletti on alati tunnustatud ka \u00f5igeusu kiriku poolt, selle nimi seal on Vaskania ja sellega on seotud oma [&hellip;]<\/p>\n","protected":false},"featured_media":2447,"comment_status":"open","ping_status":"closed","template":"","meta":[],"product_brand":[],"product_cat":[19,29],"product_tag":[],"class_list":{"0":"post-2445","1":"product","2":"type-product","3":"status-publish","4":"has-post-thumbnail","6":"product_cat-koik-ehted","7":"product_cat-korvarongad","9":"first","10":"instock","11":"shipping-taxable","12":"purchasable","13":"product-type-simple"},"yoast_head":"<!-- This site is optimized with the Yoast SEO plugin v27.3 - https:\/\/yoast.com\/product\/yoast-seo-wordpress\/ -->\n<title>taevas, t\u00f5de &#8211; Diana Dello k\u00e4sit\u00f6\u00f6 h\u00f5beehted<\/title>\n<meta name=\"robots\" content=\"index, follow, max-snippet:-1, max-image-preview:large, max-video-preview:-1\" \/>\n<link rel=\"canonical\" href=\"https:\/\/www.dianadello.ee\/en\/product\/taevas-tode\/\" \/>\n<meta property=\"og:locale\" content=\"en_GB\" \/>\n<meta property=\"og:type\" content=\"article\" \/>\n<meta property=\"og:title\" content=\"taevas, t\u00f5de &#8211; Diana Dello k\u00e4sit\u00f6\u00f6 h\u00f5beehted\" \/>\n<meta property=\"og:description\" content=\"t\u00fcrkiis, oon\u00fcksist helmed, h\u00f5be 925 *** Kreeka kodudes ja avalikus ruumis v\u00f5ib sageli m\u00e4rgata &#8220;kurja silma&#8221;, kaunist sinise-valge-mustaga amuletti, matit. Vana-Kreekas usuti, et silmad v\u00f5ivad olla surmavate kiirte allikaks, pilguga v\u00f5ib teisele haiget teha ka lahkel ilmel. Amuletti on alati tunnustatud ka \u00f5igeusu kiriku poolt, selle nimi seal on Vaskania ja sellega on seotud oma [&hellip;]\" \/>\n<meta property=\"og:url\" content=\"https:\/\/www.dianadello.ee\/en\/product\/taevas-tode\/\" \/>\n<meta property=\"og:site_name\" content=\"Diana Dello k\u00e4sit\u00f6\u00f6 h\u00f5beehted\" \/>\n<meta property=\"article:publisher\" content=\"https:\/\/www.facebook.com\/profile.php?id=100063743642811\" \/>\n<meta property=\"article:modified_time\" content=\"2026-03-19T11:52:53+00:00\" \/>\n<meta property=\"og:image\" content=\"https:\/\/dianadello.ee\/wp-content\/uploads\/2025\/07\/taevas-ja-tode_DIANA-DELLO-JEWELRY-scaled.jpeg\" \/>\n\t<meta property=\"og:image:width\" content=\"1920\" \/>\n\t<meta property=\"og:image:height\" content=\"2560\" \/>\n\t<meta property=\"og:image:type\" content=\"image\/jpeg\" \/>\n<meta name=\"twitter:card\" content=\"summary_large_image\" \/>\n<meta name=\"twitter:label1\" content=\"Estimated reading time\" \/>\n\t<meta name=\"twitter:data1\" content=\"1 minute\" \/>\n<script type=\"application\/ld+json\" class=\"yoast-schema-graph\">{\"@context\":\"https:\\\/\\\/schema.org\",\"@graph\":[{\"@type\":\"WebPage\",\"@id\":\"https:\\\/\\\/www.dianadello.ee\\\/en\\\/product\\\/taevas-tode\\\/\",\"url\":\"https:\\\/\\\/www.dianadello.ee\\\/en\\\/product\\\/taevas-tode\\\/\",\"name\":\"taevas, t\u00f5de &#8211; Diana Dello k\u00e4sit\u00f6\u00f6 h\u00f5beehted\",\"isPartOf\":{\"@id\":\"https:\\\/\\\/dianadello.ee\\\/#website\"},\"primaryImageOfPage\":{\"@id\":\"https:\\\/\\\/www.dianadello.ee\\\/en\\\/product\\\/taevas-tode\\\/#primaryimage\"},\"image\":{\"@id\":\"https:\\\/\\\/www.dianadello.ee\\\/en\\\/product\\\/taevas-tode\\\/#primaryimage\"},\"thumbnailUrl\":\"https:\\\/\\\/www.dianadello.ee\\\/wp-content\\\/uploads\\\/2025\\\/07\\\/taevas-ja-tode_DIANA-DELLO-JEWELRY-scaled.jpeg\",\"datePublished\":\"2025-07-10T12:18:47+00:00\",\"dateModified\":\"2026-03-19T11:52:53+00:00\",\"breadcrumb\":{\"@id\":\"https:\\\/\\\/www.dianadello.ee\\\/en\\\/product\\\/taevas-tode\\\/#breadcrumb\"},\"inLanguage\":\"en-GB\",\"potentialAction\":[{\"@type\":\"ReadAction\",\"target\":[\"https:\\\/\\\/www.dianadello.ee\\\/en\\\/product\\\/taevas-tode\\\/\"]}]},{\"@type\":\"ImageObject\",\"inLanguage\":\"en-GB\",\"@id\":\"https:\\\/\\\/www.dianadello.ee\\\/en\\\/product\\\/taevas-tode\\\/#primaryimage\",\"url\":\"https:\\\/\\\/www.dianadello.ee\\\/wp-content\\\/uploads\\\/2025\\\/07\\\/taevas-ja-tode_DIANA-DELLO-JEWELRY-scaled.jpeg\",\"contentUrl\":\"https:\\\/\\\/www.dianadello.ee\\\/wp-content\\\/uploads\\\/2025\\\/07\\\/taevas-ja-tode_DIANA-DELLO-JEWELRY-scaled.jpeg\",\"width\":1920,\"height\":2560,\"caption\":\"taevas, t\u00f5de\"},{\"@type\":\"BreadcrumbList\",\"@id\":\"https:\\\/\\\/www.dianadello.ee\\\/en\\\/product\\\/taevas-tode\\\/#breadcrumb\",\"itemListElement\":[{\"@type\":\"ListItem\",\"position\":1,\"name\":\"Home\",\"item\":\"https:\\\/\\\/dianadello.ee\\\/en\\\/\"},{\"@type\":\"ListItem\",\"position\":2,\"name\":\"Products\",\"item\":\"https:\\\/\\\/dianadello.ee\\\/en\\\/shop\\\/\"},{\"@type\":\"ListItem\",\"position\":3,\"name\":\"taevas, t\u00f5de\"}]},{\"@type\":\"WebSite\",\"@id\":\"https:\\\/\\\/dianadello.ee\\\/#website\",\"url\":\"https:\\\/\\\/dianadello.ee\\\/\",\"name\":\"Diana Dello k\u00e4sit\u00f6\u00f6 h\u00f5beehted\",\"description\":\"lood p\u00e4rimusest, loodusest ja inimesest\",\"publisher\":{\"@id\":\"https:\\\/\\\/dianadello.ee\\\/#\\\/schema\\\/person\\\/4147cd15ba226578341e014eda1b623a\"},\"potentialAction\":[{\"@type\":\"SearchAction\",\"target\":{\"@type\":\"EntryPoint\",\"urlTemplate\":\"https:\\\/\\\/dianadello.ee\\\/?s={search_term_string}\"},\"query-input\":{\"@type\":\"PropertyValueSpecification\",\"valueRequired\":true,\"valueName\":\"search_term_string\"}}],\"inLanguage\":\"en-GB\"},{\"@type\":[\"Person\",\"Organization\"],\"@id\":\"https:\\\/\\\/dianadello.ee\\\/#\\\/schema\\\/person\\\/4147cd15ba226578341e014eda1b623a\",\"name\":\"Diana Dello\",\"image\":{\"@type\":\"ImageObject\",\"inLanguage\":\"en-GB\",\"@id\":\"https:\\\/\\\/www.dianadello.ee\\\/wp-content\\\/uploads\\\/2024\\\/07\\\/diana-dello-logo-3.svg\",\"url\":\"https:\\\/\\\/www.dianadello.ee\\\/wp-content\\\/uploads\\\/2024\\\/07\\\/diana-dello-logo-3.svg\",\"contentUrl\":\"https:\\\/\\\/www.dianadello.ee\\\/wp-content\\\/uploads\\\/2024\\\/07\\\/diana-dello-logo-3.svg\",\"width\":472,\"height\":120,\"caption\":\"Diana Dello\"},\"logo\":{\"@id\":\"https:\\\/\\\/www.dianadello.ee\\\/wp-content\\\/uploads\\\/2024\\\/07\\\/diana-dello-logo-3.svg\"},\"description\":\"Diana Dello is a jewelry artist.\",\"sameAs\":[\"http:\\\/\\\/www.dianadello.ee\",\"https:\\\/\\\/www.facebook.com\\\/profile.php?id=100063743642811\"]}]}<\/script>\n<!-- \/ Yoast SEO plugin. -->","yoast_head_json":{"title":"taevas, t\u00f5de &#8211; Diana Dello k\u00e4sit\u00f6\u00f6 h\u00f5beehted","robots":{"index":"index","follow":"follow","max-snippet":"max-snippet:-1","max-image-preview":"max-image-preview:large","max-video-preview":"max-video-preview:-1"},"canonical":"https:\/\/www.dianadello.ee\/en\/product\/taevas-tode\/","og_locale":"en_GB","og_type":"article","og_title":"taevas, t\u00f5de &#8211; Diana Dello k\u00e4sit\u00f6\u00f6 h\u00f5beehted","og_description":"t\u00fcrkiis, oon\u00fcksist helmed, h\u00f5be 925 *** Kreeka kodudes ja avalikus ruumis v\u00f5ib sageli m\u00e4rgata &#8220;kurja silma&#8221;, kaunist sinise-valge-mustaga amuletti, matit. Vana-Kreekas usuti, et silmad v\u00f5ivad olla surmavate kiirte allikaks, pilguga v\u00f5ib teisele haiget teha ka lahkel ilmel. Amuletti on alati tunnustatud ka \u00f5igeusu kiriku poolt, selle nimi seal on Vaskania ja sellega on seotud oma [&hellip;]","og_url":"https:\/\/www.dianadello.ee\/en\/product\/taevas-tode\/","og_site_name":"Diana Dello k\u00e4sit\u00f6\u00f6 h\u00f5beehted","article_publisher":"https:\/\/www.facebook.com\/profile.php?id=100063743642811","article_modified_time":"2026-03-19T11:52:53+00:00","og_image":[{"width":1920,"height":2560,"url":"https:\/\/dianadello.ee\/wp-content\/uploads\/2025\/07\/taevas-ja-tode_DIANA-DELLO-JEWELRY-scaled.jpeg","type":"image\/jpeg"}],"twitter_card":"summary_large_image","twitter_misc":{"Estimated reading time":"1 minute"},"schema":{"@context":"https:\/\/schema.org","@graph":[{"@type":"WebPage","@id":"https:\/\/www.dianadello.ee\/en\/product\/taevas-tode\/","url":"https:\/\/www.dianadello.ee\/en\/product\/taevas-tode\/","name":"taevas, t\u00f5de &#8211; Diana Dello k\u00e4sit\u00f6\u00f6 h\u00f5beehted","isPartOf":{"@id":"https:\/\/dianadello.ee\/#website"},"primaryImageOfPage":{"@id":"https:\/\/www.dianadello.ee\/en\/product\/taevas-tode\/#primaryimage"},"image":{"@id":"https:\/\/www.dianadello.ee\/en\/product\/taevas-tode\/#primaryimage"},"thumbnailUrl":"https:\/\/www.dianadello.ee\/wp-content\/uploads\/2025\/07\/taevas-ja-tode_DIANA-DELLO-JEWELRY-scaled.jpeg","datePublished":"2025-07-10T12:18:47+00:00","dateModified":"2026-03-19T11:52:53+00:00","breadcrumb":{"@id":"https:\/\/www.dianadello.ee\/en\/product\/taevas-tode\/#breadcrumb"},"inLanguage":"en-GB","potentialAction":[{"@type":"ReadAction","target":["https:\/\/www.dianadello.ee\/en\/product\/taevas-tode\/"]}]},{"@type":"ImageObject","inLanguage":"en-GB","@id":"https:\/\/www.dianadello.ee\/en\/product\/taevas-tode\/#primaryimage","url":"https:\/\/www.dianadello.ee\/wp-content\/uploads\/2025\/07\/taevas-ja-tode_DIANA-DELLO-JEWELRY-scaled.jpeg","contentUrl":"https:\/\/www.dianadello.ee\/wp-content\/uploads\/2025\/07\/taevas-ja-tode_DIANA-DELLO-JEWELRY-scaled.jpeg","width":1920,"height":2560,"caption":"taevas, t\u00f5de"},{"@type":"BreadcrumbList","@id":"https:\/\/www.dianadello.ee\/en\/product\/taevas-tode\/#breadcrumb","itemListElement":[{"@type":"ListItem","position":1,"name":"Home","item":"https:\/\/dianadello.ee\/en\/"},{"@type":"ListItem","position":2,"name":"Products","item":"https:\/\/dianadello.ee\/en\/shop\/"},{"@type":"ListItem","position":3,"name":"taevas, t\u00f5de"}]},{"@type":"WebSite","@id":"https:\/\/dianadello.ee\/#website","url":"https:\/\/dianadello.ee\/","name":"Diana Dello k\u00e4sit\u00f6\u00f6 h\u00f5beehted","description":"stories about tradition, nature and people","publisher":{"@id":"https:\/\/dianadello.ee\/#\/schema\/person\/4147cd15ba226578341e014eda1b623a"},"potentialAction":[{"@type":"SearchAction","target":{"@type":"EntryPoint","urlTemplate":"https:\/\/dianadello.ee\/?s={search_term_string}"},"query-input":{"@type":"PropertyValueSpecification","valueRequired":true,"valueName":"search_term_string"}}],"inLanguage":"en-GB"},{"@type":["Person","Organization"],"@id":"https:\/\/dianadello.ee\/#\/schema\/person\/4147cd15ba226578341e014eda1b623a","name":"Diana Dello","image":{"@type":"ImageObject","inLanguage":"en-GB","@id":"https:\/\/www.dianadello.ee\/wp-content\/uploads\/2024\/07\/diana-dello-logo-3.svg","url":"https:\/\/www.dianadello.ee\/wp-content\/uploads\/2024\/07\/diana-dello-logo-3.svg","contentUrl":"https:\/\/www.dianadello.ee\/wp-content\/uploads\/2024\/07\/diana-dello-logo-3.svg","width":472,"height":120,"caption":"Diana Dello"},"logo":{"@id":"https:\/\/www.dianadello.ee\/wp-content\/uploads\/2024\/07\/diana-dello-logo-3.svg"},"description":"Diana Dello is a jewelry artist.","sameAs":["http:\/\/www.dianadello.ee","https:\/\/www.facebook.com\/profile.php?id=100063743642811"]}]}},"_links":{"self":[{"href":"https:\/\/www.dianadello.ee\/en\/wp-json\/wp\/v2\/product\/2445","targetHints":{"allow":["GET"]}}],"collection":[{"href":"https:\/\/www.dianadello.ee\/en\/wp-json\/wp\/v2\/product"}],"about":[{"href":"https:\/\/www.dianadello.ee\/en\/wp-json\/wp\/v2\/types\/product"}],"replies":[{"embeddable":true,"href":"https:\/\/www.dianadello.ee\/en\/wp-json\/wp\/v2\/comments?post=2445"}],"wp:featuredmedia":[{"embeddable":true,"href":"https:\/\/www.dianadello.ee\/en\/wp-json\/wp\/v2\/media\/2447"}],"wp:attachment":[{"href":"https:\/\/www.dianadello.ee\/en\/wp-json\/wp\/v2\/media?parent=2445"}],"wp:term":[{"taxonomy":"product_brand","embeddable":true,"href":"https:\/\/www.dianadello.ee\/en\/wp-json\/wp\/v2\/product_brand?post=2445"},{"taxonomy":"product_cat","embeddable":true,"href":"https:\/\/www.dianadello.ee\/en\/wp-json\/wp\/v2\/product_cat?post=2445"},{"taxonomy":"product_tag","embeddable":true,"href":"https:\/\/www.dianadello.ee\/en\/wp-json\/wp\/v2\/product_tag?post=2445"}],"curies":[{"name":"wp","href":"https:\/\/api.w.org\/{rel}","templated":true}]}}