{"id":2502,"date":"2025-11-30T11:06:50","date_gmt":"2025-11-30T08:06:50","guid":{"rendered":"https:\/\/dianadello.ee\/?post_type=product&#038;p=2502"},"modified":"2025-12-02T13:00:06","modified_gmt":"2025-12-02T10:00:06","slug":"taeva-ja-maa-vahel-mere-poole","status":"publish","type":"product","link":"https:\/\/www.dianadello.ee\/en\/product\/taeva-ja-maa-vahel-mere-poole\/","title":{"rendered":"taeva ja maa vahel, mere poole"},"content":{"rendered":"<p>akvamariin, h\u00f5be 925, klaasp\u00e4rlitest kett h\u00f5bekinnitusega<\/p>\n<div class=\"x14z9mp xat24cr x1lziwak x1vvkbs xtlvy1s x126k92a\">\n<div dir=\"auto\">Minu kodust \u00fcle m\u00e4e, orus m\u00e4gede vahel on \u00fcks kummaline koht, kummaliselt kaunis. V\u00e4ikese kiriku katusel kasvavad seal suured puud, kiriku seintes on nende juuri vaevu n\u00e4ha. Kohe kiriku k\u00f5rval voolab kristallse veega m\u00e4gij\u00f5gi. Selle kirikuga on seotud oma kristlik lugu, kuid ka kristuse-eelsel ajal on see olnud p\u00fcha koht, kus end tervendamas k\u00e4idi. Loodus, imeline, ongi ju p\u00fcha niikuinii.<\/div>\n<\/div>\n<div dir=\"auto\"><\/div>\n<div dir=\"auto\">&#8211; &#8211; &#8211;<\/div>\n<div dir=\"auto\">It is said that before entering the sea<br \/>\na river trembles with fear.She looks back at the path she has traveled,<br \/>\nfrom the peaks of the mountains,<br \/>\nthe long winding road crossing forests and villages.And in front of her,<br \/>\nshe sees an ocean so vast,<br \/>\nthat to enter<br \/>\nthere seems nothing more than to disappear forever.<\/p>\n<p>But there is no other way.<br \/>\nThe river can not go back.<\/p>\n<p>Nobody can go back.<br \/>\nTo go back is impossible in existence.<\/p>\n<p>The river needs to take the risk<br \/>\nof entering the ocean<br \/>\nbecause only then will fear disappear,<br \/>\nbecause that&#8217;s where the river will know<br \/>\nit&#8217;s not about disappearing into the ocean,<br \/>\nbut of becoming the ocean. \/Kahlil Gibran\/<\/p>\n<\/div>","protected":false},"excerpt":{"rendered":"<p>akvamariin, h\u00f5be 925, klaasp\u00e4rlitest kett h\u00f5bekinnitusega Minu kodust \u00fcle m\u00e4e, orus m\u00e4gede vahel on \u00fcks kummaline koht, kummaliselt kaunis. V\u00e4ikese kiriku katusel kasvavad seal suured puud, kiriku seintes on nende juuri vaevu n\u00e4ha. Kohe kiriku k\u00f5rval voolab kristallse veega m\u00e4gij\u00f5gi. Selle kirikuga on seotud oma kristlik lugu, kuid ka kristuse-eelsel ajal on see olnud p\u00fcha [&hellip;]<\/p>\n","protected":false},"featured_media":2503,"comment_status":"open","ping_status":"closed","template":"","meta":[],"product_brand":[],"product_cat":[27,19],"product_tag":[],"class_list":{"0":"post-2502","1":"product","2":"type-product","3":"status-publish","4":"has-post-thumbnail","6":"product_cat-kaelakeed","7":"product_cat-koik-ehted","9":"first","10":"instock","11":"shipping-taxable","12":"purchasable","13":"product-type-simple"},"yoast_head":"<!-- This site is optimized with the Yoast SEO plugin v27.3 - https:\/\/yoast.com\/product\/yoast-seo-wordpress\/ -->\n<title>taeva ja maa vahel, mere poole &#8211; Diana Dello k\u00e4sit\u00f6\u00f6 h\u00f5beehted<\/title>\n<meta name=\"robots\" content=\"index, follow, max-snippet:-1, max-image-preview:large, max-video-preview:-1\" \/>\n<link rel=\"canonical\" href=\"https:\/\/dianadello.ee\/product\/taeva-ja-maa-vahel-mere-poole\/\" \/>\n<meta property=\"og:locale\" content=\"en_GB\" \/>\n<meta property=\"og:type\" content=\"article\" \/>\n<meta property=\"og:title\" content=\"taeva ja maa vahel, mere poole &#8211; Diana Dello k\u00e4sit\u00f6\u00f6 h\u00f5beehted\" \/>\n<meta property=\"og:description\" content=\"akvamariin, h\u00f5be 925, klaasp\u00e4rlitest kett h\u00f5bekinnitusega Minu kodust \u00fcle m\u00e4e, orus m\u00e4gede vahel on \u00fcks kummaline koht, kummaliselt kaunis. V\u00e4ikese kiriku katusel kasvavad seal suured puud, kiriku seintes on nende juuri vaevu n\u00e4ha. Kohe kiriku k\u00f5rval voolab kristallse veega m\u00e4gij\u00f5gi. Selle kirikuga on seotud oma kristlik lugu, kuid ka kristuse-eelsel ajal on see olnud p\u00fcha [&hellip;]\" \/>\n<meta property=\"og:url\" content=\"https:\/\/dianadello.ee\/product\/taeva-ja-maa-vahel-mere-poole\/\" \/>\n<meta property=\"og:site_name\" content=\"Diana Dello k\u00e4sit\u00f6\u00f6 h\u00f5beehted\" \/>\n<meta property=\"article:publisher\" content=\"https:\/\/www.facebook.com\/profile.php?id=100063743642811\" \/>\n<meta property=\"article:modified_time\" content=\"2025-12-02T10:00:06+00:00\" \/>\n<meta property=\"og:image\" content=\"https:\/\/dianadello.ee\/wp-content\/uploads\/2025\/11\/taeva-ja-maa-vahel-mere-poole_Diana-Dello-Jewelry-scaled.jpeg\" \/>\n\t<meta property=\"og:image:width\" content=\"1920\" \/>\n\t<meta property=\"og:image:height\" content=\"2560\" \/>\n\t<meta property=\"og:image:type\" content=\"image\/jpeg\" \/>\n<meta name=\"twitter:card\" content=\"summary_large_image\" \/>\n<meta name=\"twitter:label1\" content=\"Estimated reading time\" \/>\n\t<meta name=\"twitter:data1\" content=\"2 minutes\" \/>\n<script type=\"application\/ld+json\" class=\"yoast-schema-graph\">{\"@context\":\"https:\\\/\\\/schema.org\",\"@graph\":[{\"@type\":\"WebPage\",\"@id\":\"https:\\\/\\\/dianadello.ee\\\/product\\\/taeva-ja-maa-vahel-mere-poole\\\/\",\"url\":\"https:\\\/\\\/dianadello.ee\\\/product\\\/taeva-ja-maa-vahel-mere-poole\\\/\",\"name\":\"taeva ja maa vahel, mere poole &#8211; Diana Dello k\u00e4sit\u00f6\u00f6 h\u00f5beehted\",\"isPartOf\":{\"@id\":\"https:\\\/\\\/dianadello.ee\\\/#website\"},\"primaryImageOfPage\":{\"@id\":\"https:\\\/\\\/dianadello.ee\\\/product\\\/taeva-ja-maa-vahel-mere-poole\\\/#primaryimage\"},\"image\":{\"@id\":\"https:\\\/\\\/dianadello.ee\\\/product\\\/taeva-ja-maa-vahel-mere-poole\\\/#primaryimage\"},\"thumbnailUrl\":\"https:\\\/\\\/www.dianadello.ee\\\/wp-content\\\/uploads\\\/2025\\\/11\\\/taeva-ja-maa-vahel-mere-poole_Diana-Dello-Jewelry-scaled.jpeg\",\"datePublished\":\"2025-11-30T08:06:50+00:00\",\"dateModified\":\"2025-12-02T10:00:06+00:00\",\"breadcrumb\":{\"@id\":\"https:\\\/\\\/dianadello.ee\\\/product\\\/taeva-ja-maa-vahel-mere-poole\\\/#breadcrumb\"},\"inLanguage\":\"en-GB\",\"potentialAction\":[{\"@type\":\"ReadAction\",\"target\":[\"https:\\\/\\\/dianadello.ee\\\/product\\\/taeva-ja-maa-vahel-mere-poole\\\/\"]}]},{\"@type\":\"ImageObject\",\"inLanguage\":\"en-GB\",\"@id\":\"https:\\\/\\\/dianadello.ee\\\/product\\\/taeva-ja-maa-vahel-mere-poole\\\/#primaryimage\",\"url\":\"https:\\\/\\\/www.dianadello.ee\\\/wp-content\\\/uploads\\\/2025\\\/11\\\/taeva-ja-maa-vahel-mere-poole_Diana-Dello-Jewelry-scaled.jpeg\",\"contentUrl\":\"https:\\\/\\\/www.dianadello.ee\\\/wp-content\\\/uploads\\\/2025\\\/11\\\/taeva-ja-maa-vahel-mere-poole_Diana-Dello-Jewelry-scaled.jpeg\",\"width\":1920,\"height\":2560,\"caption\":\"taeva ja maa vahel, mere poole_Diana Dello Jewelry\"},{\"@type\":\"BreadcrumbList\",\"@id\":\"https:\\\/\\\/dianadello.ee\\\/product\\\/taeva-ja-maa-vahel-mere-poole\\\/#breadcrumb\",\"itemListElement\":[{\"@type\":\"ListItem\",\"position\":1,\"name\":\"Home\",\"item\":\"https:\\\/\\\/dianadello.ee\\\/en\\\/\"},{\"@type\":\"ListItem\",\"position\":2,\"name\":\"Products\",\"item\":\"https:\\\/\\\/dianadello.ee\\\/en\\\/shop\\\/\"},{\"@type\":\"ListItem\",\"position\":3,\"name\":\"taeva ja maa vahel, mere poole\"}]},{\"@type\":\"WebSite\",\"@id\":\"https:\\\/\\\/dianadello.ee\\\/#website\",\"url\":\"https:\\\/\\\/dianadello.ee\\\/\",\"name\":\"Diana Dello k\u00e4sit\u00f6\u00f6 h\u00f5beehted\",\"description\":\"lood p\u00e4rimusest, loodusest ja inimesest\",\"publisher\":{\"@id\":\"https:\\\/\\\/dianadello.ee\\\/#\\\/schema\\\/person\\\/4147cd15ba226578341e014eda1b623a\"},\"potentialAction\":[{\"@type\":\"SearchAction\",\"target\":{\"@type\":\"EntryPoint\",\"urlTemplate\":\"https:\\\/\\\/dianadello.ee\\\/?s={search_term_string}\"},\"query-input\":{\"@type\":\"PropertyValueSpecification\",\"valueRequired\":true,\"valueName\":\"search_term_string\"}}],\"inLanguage\":\"en-GB\"},{\"@type\":[\"Person\",\"Organization\"],\"@id\":\"https:\\\/\\\/dianadello.ee\\\/#\\\/schema\\\/person\\\/4147cd15ba226578341e014eda1b623a\",\"name\":\"Diana Dello\",\"image\":{\"@type\":\"ImageObject\",\"inLanguage\":\"en-GB\",\"@id\":\"https:\\\/\\\/www.dianadello.ee\\\/wp-content\\\/uploads\\\/2024\\\/07\\\/diana-dello-logo-3.svg\",\"url\":\"https:\\\/\\\/www.dianadello.ee\\\/wp-content\\\/uploads\\\/2024\\\/07\\\/diana-dello-logo-3.svg\",\"contentUrl\":\"https:\\\/\\\/www.dianadello.ee\\\/wp-content\\\/uploads\\\/2024\\\/07\\\/diana-dello-logo-3.svg\",\"width\":472,\"height\":120,\"caption\":\"Diana Dello\"},\"logo\":{\"@id\":\"https:\\\/\\\/www.dianadello.ee\\\/wp-content\\\/uploads\\\/2024\\\/07\\\/diana-dello-logo-3.svg\"},\"description\":\"Diana Dello is a jewelry artist.\",\"sameAs\":[\"http:\\\/\\\/www.dianadello.ee\",\"https:\\\/\\\/www.facebook.com\\\/profile.php?id=100063743642811\"]}]}<\/script>\n<!-- \/ Yoast SEO plugin. -->","yoast_head_json":{"title":"taeva ja maa vahel, mere poole &#8211; Diana Dello k\u00e4sit\u00f6\u00f6 h\u00f5beehted","robots":{"index":"index","follow":"follow","max-snippet":"max-snippet:-1","max-image-preview":"max-image-preview:large","max-video-preview":"max-video-preview:-1"},"canonical":"https:\/\/dianadello.ee\/product\/taeva-ja-maa-vahel-mere-poole\/","og_locale":"en_GB","og_type":"article","og_title":"taeva ja maa vahel, mere poole &#8211; Diana Dello k\u00e4sit\u00f6\u00f6 h\u00f5beehted","og_description":"akvamariin, h\u00f5be 925, klaasp\u00e4rlitest kett h\u00f5bekinnitusega Minu kodust \u00fcle m\u00e4e, orus m\u00e4gede vahel on \u00fcks kummaline koht, kummaliselt kaunis. V\u00e4ikese kiriku katusel kasvavad seal suured puud, kiriku seintes on nende juuri vaevu n\u00e4ha. Kohe kiriku k\u00f5rval voolab kristallse veega m\u00e4gij\u00f5gi. Selle kirikuga on seotud oma kristlik lugu, kuid ka kristuse-eelsel ajal on see olnud p\u00fcha [&hellip;]","og_url":"https:\/\/dianadello.ee\/product\/taeva-ja-maa-vahel-mere-poole\/","og_site_name":"Diana Dello k\u00e4sit\u00f6\u00f6 h\u00f5beehted","article_publisher":"https:\/\/www.facebook.com\/profile.php?id=100063743642811","article_modified_time":"2025-12-02T10:00:06+00:00","og_image":[{"width":1920,"height":2560,"url":"https:\/\/dianadello.ee\/wp-content\/uploads\/2025\/11\/taeva-ja-maa-vahel-mere-poole_Diana-Dello-Jewelry-scaled.jpeg","type":"image\/jpeg"}],"twitter_card":"summary_large_image","twitter_misc":{"Estimated reading time":"2 minutes"},"schema":{"@context":"https:\/\/schema.org","@graph":[{"@type":"WebPage","@id":"https:\/\/dianadello.ee\/product\/taeva-ja-maa-vahel-mere-poole\/","url":"https:\/\/dianadello.ee\/product\/taeva-ja-maa-vahel-mere-poole\/","name":"taeva ja maa vahel, mere poole &#8211; Diana Dello k\u00e4sit\u00f6\u00f6 h\u00f5beehted","isPartOf":{"@id":"https:\/\/dianadello.ee\/#website"},"primaryImageOfPage":{"@id":"https:\/\/dianadello.ee\/product\/taeva-ja-maa-vahel-mere-poole\/#primaryimage"},"image":{"@id":"https:\/\/dianadello.ee\/product\/taeva-ja-maa-vahel-mere-poole\/#primaryimage"},"thumbnailUrl":"https:\/\/www.dianadello.ee\/wp-content\/uploads\/2025\/11\/taeva-ja-maa-vahel-mere-poole_Diana-Dello-Jewelry-scaled.jpeg","datePublished":"2025-11-30T08:06:50+00:00","dateModified":"2025-12-02T10:00:06+00:00","breadcrumb":{"@id":"https:\/\/dianadello.ee\/product\/taeva-ja-maa-vahel-mere-poole\/#breadcrumb"},"inLanguage":"en-GB","potentialAction":[{"@type":"ReadAction","target":["https:\/\/dianadello.ee\/product\/taeva-ja-maa-vahel-mere-poole\/"]}]},{"@type":"ImageObject","inLanguage":"en-GB","@id":"https:\/\/dianadello.ee\/product\/taeva-ja-maa-vahel-mere-poole\/#primaryimage","url":"https:\/\/www.dianadello.ee\/wp-content\/uploads\/2025\/11\/taeva-ja-maa-vahel-mere-poole_Diana-Dello-Jewelry-scaled.jpeg","contentUrl":"https:\/\/www.dianadello.ee\/wp-content\/uploads\/2025\/11\/taeva-ja-maa-vahel-mere-poole_Diana-Dello-Jewelry-scaled.jpeg","width":1920,"height":2560,"caption":"taeva ja maa vahel, mere poole_Diana Dello Jewelry"},{"@type":"BreadcrumbList","@id":"https:\/\/dianadello.ee\/product\/taeva-ja-maa-vahel-mere-poole\/#breadcrumb","itemListElement":[{"@type":"ListItem","position":1,"name":"Home","item":"https:\/\/dianadello.ee\/en\/"},{"@type":"ListItem","position":2,"name":"Products","item":"https:\/\/dianadello.ee\/en\/shop\/"},{"@type":"ListItem","position":3,"name":"taeva ja maa vahel, mere poole"}]},{"@type":"WebSite","@id":"https:\/\/dianadello.ee\/#website","url":"https:\/\/dianadello.ee\/","name":"Diana Dello k\u00e4sit\u00f6\u00f6 h\u00f5beehted","description":"stories about tradition, nature and people","publisher":{"@id":"https:\/\/dianadello.ee\/#\/schema\/person\/4147cd15ba226578341e014eda1b623a"},"potentialAction":[{"@type":"SearchAction","target":{"@type":"EntryPoint","urlTemplate":"https:\/\/dianadello.ee\/?s={search_term_string}"},"query-input":{"@type":"PropertyValueSpecification","valueRequired":true,"valueName":"search_term_string"}}],"inLanguage":"en-GB"},{"@type":["Person","Organization"],"@id":"https:\/\/dianadello.ee\/#\/schema\/person\/4147cd15ba226578341e014eda1b623a","name":"Diana Dello","image":{"@type":"ImageObject","inLanguage":"en-GB","@id":"https:\/\/www.dianadello.ee\/wp-content\/uploads\/2024\/07\/diana-dello-logo-3.svg","url":"https:\/\/www.dianadello.ee\/wp-content\/uploads\/2024\/07\/diana-dello-logo-3.svg","contentUrl":"https:\/\/www.dianadello.ee\/wp-content\/uploads\/2024\/07\/diana-dello-logo-3.svg","width":472,"height":120,"caption":"Diana Dello"},"logo":{"@id":"https:\/\/www.dianadello.ee\/wp-content\/uploads\/2024\/07\/diana-dello-logo-3.svg"},"description":"Diana Dello is a jewelry artist.","sameAs":["http:\/\/www.dianadello.ee","https:\/\/www.facebook.com\/profile.php?id=100063743642811"]}]}},"_links":{"self":[{"href":"https:\/\/www.dianadello.ee\/en\/wp-json\/wp\/v2\/product\/2502","targetHints":{"allow":["GET"]}}],"collection":[{"href":"https:\/\/www.dianadello.ee\/en\/wp-json\/wp\/v2\/product"}],"about":[{"href":"https:\/\/www.dianadello.ee\/en\/wp-json\/wp\/v2\/types\/product"}],"replies":[{"embeddable":true,"href":"https:\/\/www.dianadello.ee\/en\/wp-json\/wp\/v2\/comments?post=2502"}],"wp:featuredmedia":[{"embeddable":true,"href":"https:\/\/www.dianadello.ee\/en\/wp-json\/wp\/v2\/media\/2503"}],"wp:attachment":[{"href":"https:\/\/www.dianadello.ee\/en\/wp-json\/wp\/v2\/media?parent=2502"}],"wp:term":[{"taxonomy":"product_brand","embeddable":true,"href":"https:\/\/www.dianadello.ee\/en\/wp-json\/wp\/v2\/product_brand?post=2502"},{"taxonomy":"product_cat","embeddable":true,"href":"https:\/\/www.dianadello.ee\/en\/wp-json\/wp\/v2\/product_cat?post=2502"},{"taxonomy":"product_tag","embeddable":true,"href":"https:\/\/www.dianadello.ee\/en\/wp-json\/wp\/v2\/product_tag?post=2502"}],"curies":[{"name":"wp","href":"https:\/\/api.w.org\/{rel}","templated":true}]}}